{"id":231,"date":"2025-12-29T14:26:24","date_gmt":"2025-12-29T17:26:24","guid":{"rendered":"https:\/\/de.debitoecredito.com\/?page_id=231"},"modified":"2025-12-29T14:26:25","modified_gmt":"2025-12-29T17:26:25","slug":"kontaktieren-sie-uns","status":"publish","type":"page","link":"https:\/\/de.debitoecredito.com\/index.php\/kontaktieren-sie-uns\/","title":{"rendered":"Kontaktieren Sie uns"},"content":{"rendered":"\n<p>Debitoecredito sch\u00e4tzt Ihre Meinung. Unser Engagement ist es, einen offenen Kommunikationskanal anzubieten, damit Sie Fragen, Vorschl\u00e4ge, Kritik oder Lob senden k\u00f6nnen.<\/p>\n\n\n\n<p>Wir sind immer bereit, Ihnen zuzuh\u00f6ren und das Erlebnis auf unserem Portal kontinuierlich zu verbessern.<\/p>\n\n\n\n<h2 class=\"wp-block-heading\">So kontaktieren Sie uns<\/h2>\n\n\n\n<p>\ud83d\udce7 E-Mail: <a href=\"mailto:contato@debitoecredito.com\">contato@debitoecredito.com<\/a><\/p>\n\n\n","protected":false},"excerpt":{"rendered":"<p>Debitoecredito sch\u00e4tzt Ihre Meinung. Unser Engagement ist es, einen offenen Kommunikationskanal anzubieten, damit Sie Fragen, Vorschl\u00e4ge, Kritik oder Lob senden k\u00f6nnen. Wir sind immer bereit, Ihnen zuzuh\u00f6ren und das Erlebnis auf unserem Portal kontinuierlich zu verbessern. So kontaktieren Sie uns \ud83d\udce7 E-Mail: contato@debitoecredito.com<\/p>\n","protected":false},"author":1,"featured_media":0,"parent":0,"menu_order":0,"comment_status":"closed","ping_status":"closed","template":"","meta":{"footnotes":""},"class_list":["post-231","page","type-page","status-publish","hentry"],"yoast_head":"<!-- This site is optimized with the Yoast SEO plugin v26.9 - https:\/\/yoast.com\/product\/yoast-seo-wordpress\/ -->\n<title>Kontaktieren Sie uns - De Debito e Credito<\/title>\n<meta name=\"robots\" content=\"index, follow, max-snippet:-1, max-image-preview:large, max-video-preview:-1\" \/>\n<link rel=\"canonical\" href=\"https:\/\/de.debitoecredito.com\/index.php\/kontaktieren-sie-uns\/\" \/>\n<meta property=\"og:locale\" content=\"de_DE\" \/>\n<meta property=\"og:type\" content=\"article\" \/>\n<meta property=\"og:title\" content=\"Kontaktieren Sie uns - De Debito e Credito\" \/>\n<meta property=\"og:description\" content=\"Debitoecredito sch\u00e4tzt Ihre Meinung. Unser Engagement ist es, einen offenen Kommunikationskanal anzubieten, damit Sie Fragen, Vorschl\u00e4ge, Kritik oder Lob senden k\u00f6nnen. Wir sind immer bereit, Ihnen zuzuh\u00f6ren und das Erlebnis auf unserem Portal kontinuierlich zu verbessern. So kontaktieren Sie uns \ud83d\udce7 E-Mail: contato@debitoecredito.com\" \/>\n<meta property=\"og:url\" content=\"https:\/\/de.debitoecredito.com\/index.php\/kontaktieren-sie-uns\/\" \/>\n<meta property=\"og:site_name\" content=\"De Debito e Credito\" \/>\n<meta property=\"article:modified_time\" content=\"2025-12-29T17:26:25+00:00\" \/>\n<meta name=\"twitter:card\" content=\"summary_large_image\" \/>\n<meta name=\"twitter:label1\" content=\"Gesch\u00e4tzte Lesezeit\" \/>\n\t<meta name=\"twitter:data1\" content=\"1\u00a0Minute\" \/>\n<script type=\"application\/ld+json\" class=\"yoast-schema-graph\">{\"@context\":\"https:\/\/schema.org\",\"@graph\":[{\"@type\":\"WebPage\",\"@id\":\"https:\/\/de.debitoecredito.com\/index.php\/kontaktieren-sie-uns\/\",\"url\":\"https:\/\/de.debitoecredito.com\/index.php\/kontaktieren-sie-uns\/\",\"name\":\"Kontaktieren Sie uns - De Debito e Credito\",\"isPartOf\":{\"@id\":\"https:\/\/de.debitoecredito.com\/#website\"},\"datePublished\":\"2025-12-29T17:26:24+00:00\",\"dateModified\":\"2025-12-29T17:26:25+00:00\",\"breadcrumb\":{\"@id\":\"https:\/\/de.debitoecredito.com\/index.php\/kontaktieren-sie-uns\/#breadcrumb\"},\"inLanguage\":\"de\",\"potentialAction\":[{\"@type\":\"ReadAction\",\"target\":[\"https:\/\/de.debitoecredito.com\/index.php\/kontaktieren-sie-uns\/\"]}]},{\"@type\":\"BreadcrumbList\",\"@id\":\"https:\/\/de.debitoecredito.com\/index.php\/kontaktieren-sie-uns\/#breadcrumb\",\"itemListElement\":[{\"@type\":\"ListItem\",\"position\":1,\"name\":\"In\u00edcio\",\"item\":\"https:\/\/de.debitoecredito.com\/\"},{\"@type\":\"ListItem\",\"position\":2,\"name\":\"Kontaktieren Sie uns\"}]},{\"@type\":\"WebSite\",\"@id\":\"https:\/\/de.debitoecredito.com\/#website\",\"url\":\"https:\/\/de.debitoecredito.com\/\",\"name\":\"De Debito e Credito\",\"description\":\"\",\"potentialAction\":[{\"@type\":\"SearchAction\",\"target\":{\"@type\":\"EntryPoint\",\"urlTemplate\":\"https:\/\/de.debitoecredito.com\/?s={search_term_string}\"},\"query-input\":{\"@type\":\"PropertyValueSpecification\",\"valueRequired\":true,\"valueName\":\"search_term_string\"}}],\"inLanguage\":\"de\"}]}<\/script>\n<!-- \/ Yoast SEO plugin. -->","yoast_head_json":{"title":"Kontaktieren Sie uns - De Debito e Credito","robots":{"index":"index","follow":"follow","max-snippet":"max-snippet:-1","max-image-preview":"max-image-preview:large","max-video-preview":"max-video-preview:-1"},"canonical":"https:\/\/de.debitoecredito.com\/index.php\/kontaktieren-sie-uns\/","og_locale":"de_DE","og_type":"article","og_title":"Kontaktieren Sie uns - De Debito e Credito","og_description":"Debitoecredito sch\u00e4tzt Ihre Meinung. Unser Engagement ist es, einen offenen Kommunikationskanal anzubieten, damit Sie Fragen, Vorschl\u00e4ge, Kritik oder Lob senden k\u00f6nnen. Wir sind immer bereit, Ihnen zuzuh\u00f6ren und das Erlebnis auf unserem Portal kontinuierlich zu verbessern. So kontaktieren Sie uns \ud83d\udce7 E-Mail: contato@debitoecredito.com","og_url":"https:\/\/de.debitoecredito.com\/index.php\/kontaktieren-sie-uns\/","og_site_name":"De Debito e Credito","article_modified_time":"2025-12-29T17:26:25+00:00","twitter_card":"summary_large_image","twitter_misc":{"Gesch\u00e4tzte Lesezeit":"1\u00a0Minute"},"schema":{"@context":"https:\/\/schema.org","@graph":[{"@type":"WebPage","@id":"https:\/\/de.debitoecredito.com\/index.php\/kontaktieren-sie-uns\/","url":"https:\/\/de.debitoecredito.com\/index.php\/kontaktieren-sie-uns\/","name":"Kontaktieren Sie uns - De Debito e Credito","isPartOf":{"@id":"https:\/\/de.debitoecredito.com\/#website"},"datePublished":"2025-12-29T17:26:24+00:00","dateModified":"2025-12-29T17:26:25+00:00","breadcrumb":{"@id":"https:\/\/de.debitoecredito.com\/index.php\/kontaktieren-sie-uns\/#breadcrumb"},"inLanguage":"de","potentialAction":[{"@type":"ReadAction","target":["https:\/\/de.debitoecredito.com\/index.php\/kontaktieren-sie-uns\/"]}]},{"@type":"BreadcrumbList","@id":"https:\/\/de.debitoecredito.com\/index.php\/kontaktieren-sie-uns\/#breadcrumb","itemListElement":[{"@type":"ListItem","position":1,"name":"In\u00edcio","item":"https:\/\/de.debitoecredito.com\/"},{"@type":"ListItem","position":2,"name":"Kontaktieren Sie uns"}]},{"@type":"WebSite","@id":"https:\/\/de.debitoecredito.com\/#website","url":"https:\/\/de.debitoecredito.com\/","name":"De Debito e Credito","description":"","potentialAction":[{"@type":"SearchAction","target":{"@type":"EntryPoint","urlTemplate":"https:\/\/de.debitoecredito.com\/?s={search_term_string}"},"query-input":{"@type":"PropertyValueSpecification","valueRequired":true,"valueName":"search_term_string"}}],"inLanguage":"de"}]}},"_links":{"self":[{"href":"https:\/\/de.debitoecredito.com\/index.php\/wp-json\/wp\/v2\/pages\/231","targetHints":{"allow":["GET"]}}],"collection":[{"href":"https:\/\/de.debitoecredito.com\/index.php\/wp-json\/wp\/v2\/pages"}],"about":[{"href":"https:\/\/de.debitoecredito.com\/index.php\/wp-json\/wp\/v2\/types\/page"}],"author":[{"embeddable":true,"href":"https:\/\/de.debitoecredito.com\/index.php\/wp-json\/wp\/v2\/users\/1"}],"replies":[{"embeddable":true,"href":"https:\/\/de.debitoecredito.com\/index.php\/wp-json\/wp\/v2\/comments?post=231"}],"version-history":[{"count":1,"href":"https:\/\/de.debitoecredito.com\/index.php\/wp-json\/wp\/v2\/pages\/231\/revisions"}],"predecessor-version":[{"id":232,"href":"https:\/\/de.debitoecredito.com\/index.php\/wp-json\/wp\/v2\/pages\/231\/revisions\/232"}],"wp:attachment":[{"href":"https:\/\/de.debitoecredito.com\/index.php\/wp-json\/wp\/v2\/media?parent=231"}],"curies":[{"name":"wp","href":"https:\/\/api.w.org\/{rel}","templated":true}]}}