{"id":74,"date":"2025-06-13T22:31:56","date_gmt":"2025-06-14T01:31:56","guid":{"rendered":"https:\/\/de.debitoecredito.com\/?page_id=74"},"modified":"2025-06-20T22:57:08","modified_gmt":"2025-06-21T01:57:08","slug":"datenschutzrichtlinie","status":"publish","type":"page","link":"https:\/\/de.debitoecredito.com\/index.php\/datenschutzrichtlinie\/","title":{"rendered":"Datenschutzrichtlinie"},"content":{"rendered":"\n<p>Ihre Privatsph\u00e4re ist uns wichtig. Es ist die Politik von [<a class=\"\" href=\"https:\/\/de.debitoecredito.com\/\">https:\/\/de.debitoecredito.com\/<\/a>], Ihre Privatsph\u00e4re in Bezug auf alle Informationen zu respektieren, die wir auf der Website [<a class=\"\" href=\"https:\/\/de.debitoecredito.com\/\">https:\/\/de.debitoecredito.com\/<\/a>] und anderen von uns betriebenen Websites erfassen k\u00f6nnen.<\/p>\n\n\n\n<p>Wir fordern personenbezogene Daten nur dann an, wenn wir sie tats\u00e4chlich ben\u00f6tigen, um Ihnen einen Dienst bereitzustellen. Wir tun dies auf faire und rechtm\u00e4\u00dfige Weise, mit Ihrem Wissen und Ihrer Zustimmung. Wir informieren Sie auch dar\u00fcber, warum wir diese Daten erheben und wie sie verwendet werden.<\/p>\n\n\n\n<p>Wir bewahren die gesammelten Informationen nur so lange auf, wie es notwendig ist, um den gew\u00fcnschten Service bereitzustellen. Wenn wir Daten speichern, sch\u00fctzen wir diese mit wirtschaftlich akzeptablen Mitteln vor Verlust und Diebstahl sowie vor unbefugtem Zugriff, Offenlegung, Kopieren, Verwendung oder \u00c4nderung.<\/p>\n\n\n\n<p>Wir geben personenbezogene Daten weder \u00f6ffentlich noch an Dritte weiter, es sei denn, dies ist gesetzlich vorgeschrieben.<\/p>\n\n\n\n<p>Unsere Website kann Links zu externen Websites enthalten, die nicht von uns betrieben werden. Bitte beachten Sie, dass wir keinen Einfluss auf deren Inhalte und Datenschutzpraktiken haben und daher keine Verantwortung f\u00fcr deren jeweilige Datenschutzrichtlinien \u00fcbernehmen k\u00f6nnen.<\/p>\n\n\n\n<p>Sie sind frei, unsere Anfrage nach personenbezogenen Daten abzulehnen. Dabei sollten Sie sich jedoch bewusst sein, dass wir m\u00f6glicherweise einige der gew\u00fcnschten Dienste nicht bereitstellen k\u00f6nnen.<\/p>\n\n\n\n<p>Die fortgesetzte Nutzung unserer Website gilt als Zustimmung zu unseren Datenschutzpraktiken und zur Verarbeitung personenbezogener Daten. Wenn Sie Fragen dazu haben, wie wir Benutzerdaten und pers\u00f6nliche Informationen behandeln, k\u00f6nnen Sie uns gerne kontaktieren.<\/p>\n\n\n\n<p>Der von uns genutzte Google AdSense-Dienst zur Schaltung von Werbung verwendet ein DoubleClick-Cookie, um relevantere Anzeigen im gesamten Web anzuzeigen und die Anzahl der Wiederholungen einzelner Werbeanzeigen f\u00fcr Sie zu begrenzen.<\/p>\n\n\n\n<p>Weitere Informationen zu Google AdSense finden Sie in den offiziellen Datenschutz-FAQs von Google AdSense.<\/p>\n\n\n\n<p>Wir verwenden Werbung, um die Betriebskosten dieser Website zu decken und die Finanzierung zuk\u00fcnftiger Entwicklungen sicherzustellen. Die auf dieser Website verwendeten verhaltensbasierten Werbe-Cookies sollen sicherstellen, dass Ihnen stets die relevantesten Anzeigen angezeigt werden, indem Ihre Interessen anonym verfolgt und \u00e4hnliche Inhalte pr\u00e4sentiert werden, die f\u00fcr Sie von Interesse sein k\u00f6nnten.<\/p>\n\n\n\n<p>Mehrere Partner werben in unserem Namen, und Affiliate-Tracking-Cookies erm\u00f6glichen es uns lediglich nachzuvollziehen, ob ein Kunde \u00fcber eine Partnerseite auf unsere Website gelangt ist. So k\u00f6nnen wir unsere Partner korrekt verg\u00fcten und gegebenenfalls Werbeaktionen erm\u00f6glichen, die \u00fcber Partner bereitgestellt werden.<\/p>\n\n\n\n<p><strong>Verpflichtung des Nutzers<\/strong><\/p>\n\n\n\n<p>Der Nutzer verpflichtet sich, die Inhalte und Informationen auf [<a class=\"\" href=\"https:\/\/de.debitoecredito.com\/\">https:\/\/de.debitoecredito.com\/<\/a>] angemessen zu nutzen. Dies umfasst unter anderem \u2013 jedoch nicht ausschlie\u00dflich \u2013 folgende Punkte:<\/p>\n\n\n\n<p>A) Keine Beteiligung an Aktivit\u00e4ten, die illegal oder gegen Treu und Glauben oder die \u00f6ffentliche Ordnung versto\u00dfen;<br>B) Keine Verbreitung von Propaganda oder Inhalten rassistischer, fremdenfeindlicher, gl\u00fccksspielbezogener oder illegal pornografischer Natur, keine Bef\u00fcrwortung von Terrorismus oder Handlungen gegen Menschenrechte;<br>C) Keine Besch\u00e4digung der physischen (Hardware) und logischen (Software) Systeme von [<a class=\"\" href=\"https:\/\/de.debitoecredito.com\/\">https:\/\/de.debitoecredito.com\/<\/a>], deren Anbieter oder Dritter, und keine Verbreitung von Computerviren oder anderen sch\u00e4dlichen Systemen, die oben genannte Sch\u00e4den verursachen k\u00f6nnen.<\/p>\n\n\n\n<p><strong>Weitere Informationen<\/strong><\/p>\n\n\n\n<p>Wir hoffen, dass diese Informationen f\u00fcr Sie hilfreich waren. Wie bereits erw\u00e4hnt, ist es in der Regel sicherer, Cookies aktiviert zu lassen, falls Sie mit einem der Funktionen auf unserer Website interagieren m\u00f6chten.<\/p>\n\n\n\n<p>Diese Datenschutzrichtlinie ist g\u00fcltig ab dem <strong>21. Juni 2025 um 01:55 Uhr<\/strong>.<\/p>\n\n\n\n<p><\/p>\n","protected":false},"excerpt":{"rendered":"<p>Ihre Privatsph\u00e4re ist uns wichtig. Es ist die Politik von [https:\/\/de.debitoecredito.com\/], Ihre Privatsph\u00e4re in Bezug auf alle Informationen zu respektieren, die wir auf der Website [https:\/\/de.debitoecredito.com\/] und anderen von uns betriebenen Websites erfassen k\u00f6nnen. Wir fordern personenbezogene Daten nur dann an, wenn wir sie tats\u00e4chlich ben\u00f6tigen, um Ihnen einen Dienst bereitzustellen. Wir tun dies auf [&#8230;]\n","protected":false},"author":1,"featured_media":0,"parent":0,"menu_order":0,"comment_status":"closed","ping_status":"closed","template":"","meta":{"footnotes":""},"class_list":["post-74","page","type-page","status-publish","hentry"],"yoast_head":"<!-- This site is optimized with the Yoast SEO plugin v26.9 - https:\/\/yoast.com\/product\/yoast-seo-wordpress\/ -->\n<title>Datenschutzrichtlinie - De Debito e Credito<\/title>\n<meta name=\"robots\" content=\"index, follow, max-snippet:-1, max-image-preview:large, max-video-preview:-1\" \/>\n<link rel=\"canonical\" href=\"https:\/\/de.debitoecredito.com\/index.php\/datenschutzrichtlinie\/\" \/>\n<meta property=\"og:locale\" content=\"de_DE\" \/>\n<meta property=\"og:type\" content=\"article\" \/>\n<meta property=\"og:title\" content=\"Datenschutzrichtlinie - De Debito e Credito\" \/>\n<meta property=\"og:description\" content=\"Ihre Privatsph\u00e4re ist uns wichtig. Es ist die Politik von [https:\/\/de.debitoecredito.com\/], Ihre Privatsph\u00e4re in Bezug auf alle Informationen zu respektieren, die wir auf der Website [https:\/\/de.debitoecredito.com\/] und anderen von uns betriebenen Websites erfassen k\u00f6nnen. Wir fordern personenbezogene Daten nur dann an, wenn wir sie tats\u00e4chlich ben\u00f6tigen, um Ihnen einen Dienst bereitzustellen. Wir tun dies auf [...]\" \/>\n<meta property=\"og:url\" content=\"https:\/\/de.debitoecredito.com\/index.php\/datenschutzrichtlinie\/\" \/>\n<meta property=\"og:site_name\" content=\"De Debito e Credito\" \/>\n<meta property=\"article:modified_time\" content=\"2025-06-21T01:57:08+00:00\" \/>\n<meta name=\"twitter:card\" content=\"summary_large_image\" \/>\n<meta name=\"twitter:label1\" content=\"Gesch\u00e4tzte Lesezeit\" \/>\n\t<meta name=\"twitter:data1\" content=\"3\u00a0Minuten\" \/>\n<script type=\"application\/ld+json\" class=\"yoast-schema-graph\">{\"@context\":\"https:\/\/schema.org\",\"@graph\":[{\"@type\":\"WebPage\",\"@id\":\"https:\/\/de.debitoecredito.com\/index.php\/datenschutzrichtlinie\/\",\"url\":\"https:\/\/de.debitoecredito.com\/index.php\/datenschutzrichtlinie\/\",\"name\":\"Datenschutzrichtlinie - De Debito e Credito\",\"isPartOf\":{\"@id\":\"https:\/\/de.debitoecredito.com\/#website\"},\"datePublished\":\"2025-06-14T01:31:56+00:00\",\"dateModified\":\"2025-06-21T01:57:08+00:00\",\"breadcrumb\":{\"@id\":\"https:\/\/de.debitoecredito.com\/index.php\/datenschutzrichtlinie\/#breadcrumb\"},\"inLanguage\":\"de\",\"potentialAction\":[{\"@type\":\"ReadAction\",\"target\":[\"https:\/\/de.debitoecredito.com\/index.php\/datenschutzrichtlinie\/\"]}]},{\"@type\":\"BreadcrumbList\",\"@id\":\"https:\/\/de.debitoecredito.com\/index.php\/datenschutzrichtlinie\/#breadcrumb\",\"itemListElement\":[{\"@type\":\"ListItem\",\"position\":1,\"name\":\"In\u00edcio\",\"item\":\"https:\/\/de.debitoecredito.com\/\"},{\"@type\":\"ListItem\",\"position\":2,\"name\":\"Datenschutzrichtlinie\"}]},{\"@type\":\"WebSite\",\"@id\":\"https:\/\/de.debitoecredito.com\/#website\",\"url\":\"https:\/\/de.debitoecredito.com\/\",\"name\":\"De Debito e Credito\",\"description\":\"\",\"potentialAction\":[{\"@type\":\"SearchAction\",\"target\":{\"@type\":\"EntryPoint\",\"urlTemplate\":\"https:\/\/de.debitoecredito.com\/?s={search_term_string}\"},\"query-input\":{\"@type\":\"PropertyValueSpecification\",\"valueRequired\":true,\"valueName\":\"search_term_string\"}}],\"inLanguage\":\"de\"}]}<\/script>\n<!-- \/ Yoast SEO plugin. -->","yoast_head_json":{"title":"Datenschutzrichtlinie - De Debito e Credito","robots":{"index":"index","follow":"follow","max-snippet":"max-snippet:-1","max-image-preview":"max-image-preview:large","max-video-preview":"max-video-preview:-1"},"canonical":"https:\/\/de.debitoecredito.com\/index.php\/datenschutzrichtlinie\/","og_locale":"de_DE","og_type":"article","og_title":"Datenschutzrichtlinie - De Debito e Credito","og_description":"Ihre Privatsph\u00e4re ist uns wichtig. Es ist die Politik von [https:\/\/de.debitoecredito.com\/], Ihre Privatsph\u00e4re in Bezug auf alle Informationen zu respektieren, die wir auf der Website [https:\/\/de.debitoecredito.com\/] und anderen von uns betriebenen Websites erfassen k\u00f6nnen. Wir fordern personenbezogene Daten nur dann an, wenn wir sie tats\u00e4chlich ben\u00f6tigen, um Ihnen einen Dienst bereitzustellen. Wir tun dies auf [...]","og_url":"https:\/\/de.debitoecredito.com\/index.php\/datenschutzrichtlinie\/","og_site_name":"De Debito e Credito","article_modified_time":"2025-06-21T01:57:08+00:00","twitter_card":"summary_large_image","twitter_misc":{"Gesch\u00e4tzte Lesezeit":"3\u00a0Minuten"},"schema":{"@context":"https:\/\/schema.org","@graph":[{"@type":"WebPage","@id":"https:\/\/de.debitoecredito.com\/index.php\/datenschutzrichtlinie\/","url":"https:\/\/de.debitoecredito.com\/index.php\/datenschutzrichtlinie\/","name":"Datenschutzrichtlinie - De Debito e Credito","isPartOf":{"@id":"https:\/\/de.debitoecredito.com\/#website"},"datePublished":"2025-06-14T01:31:56+00:00","dateModified":"2025-06-21T01:57:08+00:00","breadcrumb":{"@id":"https:\/\/de.debitoecredito.com\/index.php\/datenschutzrichtlinie\/#breadcrumb"},"inLanguage":"de","potentialAction":[{"@type":"ReadAction","target":["https:\/\/de.debitoecredito.com\/index.php\/datenschutzrichtlinie\/"]}]},{"@type":"BreadcrumbList","@id":"https:\/\/de.debitoecredito.com\/index.php\/datenschutzrichtlinie\/#breadcrumb","itemListElement":[{"@type":"ListItem","position":1,"name":"In\u00edcio","item":"https:\/\/de.debitoecredito.com\/"},{"@type":"ListItem","position":2,"name":"Datenschutzrichtlinie"}]},{"@type":"WebSite","@id":"https:\/\/de.debitoecredito.com\/#website","url":"https:\/\/de.debitoecredito.com\/","name":"De Debito e Credito","description":"","potentialAction":[{"@type":"SearchAction","target":{"@type":"EntryPoint","urlTemplate":"https:\/\/de.debitoecredito.com\/?s={search_term_string}"},"query-input":{"@type":"PropertyValueSpecification","valueRequired":true,"valueName":"search_term_string"}}],"inLanguage":"de"}]}},"_links":{"self":[{"href":"https:\/\/de.debitoecredito.com\/index.php\/wp-json\/wp\/v2\/pages\/74","targetHints":{"allow":["GET"]}}],"collection":[{"href":"https:\/\/de.debitoecredito.com\/index.php\/wp-json\/wp\/v2\/pages"}],"about":[{"href":"https:\/\/de.debitoecredito.com\/index.php\/wp-json\/wp\/v2\/types\/page"}],"author":[{"embeddable":true,"href":"https:\/\/de.debitoecredito.com\/index.php\/wp-json\/wp\/v2\/users\/1"}],"replies":[{"embeddable":true,"href":"https:\/\/de.debitoecredito.com\/index.php\/wp-json\/wp\/v2\/comments?post=74"}],"version-history":[{"count":2,"href":"https:\/\/de.debitoecredito.com\/index.php\/wp-json\/wp\/v2\/pages\/74\/revisions"}],"predecessor-version":[{"id":172,"href":"https:\/\/de.debitoecredito.com\/index.php\/wp-json\/wp\/v2\/pages\/74\/revisions\/172"}],"wp:attachment":[{"href":"https:\/\/de.debitoecredito.com\/index.php\/wp-json\/wp\/v2\/media?parent=74"}],"curies":[{"name":"wp","href":"https:\/\/api.w.org\/{rel}","templated":true}]}}