{"id":80,"date":"2025-06-13T22:36:07","date_gmt":"2025-06-14T01:36:07","guid":{"rendered":"https:\/\/de.debitoecredito.com\/?page_id=80"},"modified":"2025-06-20T22:58:50","modified_gmt":"2025-06-21T01:58:50","slug":"nutzungsbedingungen","status":"publish","type":"page","link":"https:\/\/de.debitoecredito.com\/index.php\/nutzungsbedingungen\/","title":{"rendered":"Nutzungsbedingungen"},"content":{"rendered":"\n<p><strong>1. Bedingungen<\/strong><\/p>\n\n\n\n<p>Durch den Zugriff auf die Website [<a class=\"\" href=\"https:\/\/de.debitoecredito.com\/\">https:\/\/de.debitoecredito.com\/<\/a>] erkl\u00e4ren Sie sich damit einverstanden, an diese Nutzungsbedingungen, alle anwendbaren Gesetze und Vorschriften gebunden zu sein und sind verantwortlich f\u00fcr die Einhaltung aller geltenden lokalen Gesetze. Wenn Sie mit einer dieser Bedingungen nicht einverstanden sind, ist Ihnen die Nutzung oder der Zugriff auf diese Website untersagt. Die auf dieser Website enthaltenen Materialien sind durch geltende Urheberrechts- und Markenrechte gesch\u00fctzt.<\/p>\n\n\n\n<p><strong>2. Lizenznutzung<\/strong><\/p>\n\n\n\n<p>Es wird die Erlaubnis erteilt, vor\u00fcbergehend eine Kopie der Materialien (Informationen oder Software) auf der Website [<a class=\"\" href=\"https:\/\/de.debitoecredito.com\/\">https:\/\/de.debitoecredito.com\/<\/a>] ausschlie\u00dflich f\u00fcr den pers\u00f6nlichen, nicht kommerziellen, vor\u00fcbergehenden Gebrauch herunterzuladen. Dies stellt die Erteilung einer Lizenz dar, nicht die \u00dcbertragung eines Eigentumsrechts. Unter dieser Lizenz d\u00fcrfen Sie nicht:<\/p>\n\n\n\n<ul class=\"wp-block-list\">\n<li>die Materialien modifizieren oder kopieren;<\/li>\n\n\n\n<li>die Materialien f\u00fcr kommerzielle Zwecke oder \u00f6ffentliche Darstellungen (kommerziell oder nicht kommerziell) verwenden;<\/li>\n\n\n\n<li>versuchen, Software auf der Website [<a class=\"\" href=\"https:\/\/de.debitoecredito.com\/\">https:\/\/de.debitoecredito.com\/<\/a>] zu dekompilieren oder zur\u00fcckzuentwickeln (Reverse Engineering);<\/li>\n\n\n\n<li>Urheberrechtsvermerke oder andere Eigentumshinweise von den Materialien entfernen;<\/li>\n\n\n\n<li>die Materialien an andere Personen \u00fcbertragen oder auf einem anderen Server \u201espiegeln\u201c.<\/li>\n<\/ul>\n\n\n\n<p>Diese Lizenz endet automatisch, wenn Sie eine dieser Einschr\u00e4nkungen verletzen, und kann von [<a class=\"\" href=\"https:\/\/de.debitoecredito.com\/\">https:\/\/de.debitoecredito.com\/<\/a>] jederzeit beendet werden. Bei Beendigung Ihrer Ansicht dieser Materialien oder nach Beendigung dieser Lizenz m\u00fcssen Sie alle heruntergeladenen Materialien in Ihrem Besitz, ob in elektronischer oder gedruckter Form, vernichten.<\/p>\n\n\n\n<p><strong>3. Haftungsausschluss<\/strong><\/p>\n\n\n\n<p>Die Materialien auf der Website von [<a class=\"\" href=\"https:\/\/de.debitoecredito.com\/\">https:\/\/de.debitoecredito.com\/<\/a>] werden \u201ewie gesehen\u201c bereitgestellt. [<a class=\"\" href=\"https:\/\/de.debitoecredito.com\/\">https:\/\/de.debitoecredito.com\/<\/a>] \u00fcbernimmt keine ausdr\u00fccklichen oder stillschweigenden Garantien und lehnt hiermit alle anderen Garantien ab, einschlie\u00dflich, aber nicht beschr\u00e4nkt auf, stillschweigende Garantien oder Bedingungen der Marktg\u00e4ngigkeit, Eignung f\u00fcr einen bestimmten Zweck oder Nichtverletzung von geistigem Eigentum oder anderen Rechtsverletzungen.<\/p>\n\n\n\n<p>Dar\u00fcber hinaus \u00fcbernimmt [<a class=\"\" href=\"https:\/\/de.debitoecredito.com\/\">https:\/\/de.debitoecredito.com\/<\/a>] keine Gew\u00e4hr f\u00fcr die Genauigkeit, die wahrscheinlichen Ergebnisse oder die Zuverl\u00e4ssigkeit der Nutzung der Materialien auf seiner Website oder in Bezug auf solche Materialien oder auf Websites, die mit dieser Website verlinkt sind.<\/p>\n\n\n\n<p><strong>4. Haftungsbeschr\u00e4nkungen<\/strong><\/p>\n\n\n\n<p>In keinem Fall haftet [<a class=\"\" href=\"https:\/\/de.debitoecredito.com\/\">https:\/\/de.debitoecredito.com\/<\/a>] oder seine Lieferanten f\u00fcr Sch\u00e4den (einschlie\u00dflich, aber nicht beschr\u00e4nkt auf, Datenverlust, entgangenen Gewinn oder Betriebsunterbrechung), die sich aus der Nutzung oder der Unm\u00f6glichkeit der Nutzung der Materialien auf [<a class=\"\" href=\"https:\/\/de.debitoecredito.com\/\">https:\/\/de.debitoecredito.com\/<\/a>] ergeben, selbst wenn [<a class=\"\" href=\"https:\/\/de.debitoecredito.com\/\">https:\/\/de.debitoecredito.com\/<\/a>] oder ein autorisierter Vertreter von [<a class=\"\" href=\"https:\/\/de.debitoecredito.com\/\">https:\/\/de.debitoecredito.com\/<\/a>] m\u00fcndlich oder schriftlich \u00fcber die M\u00f6glichkeit solcher Sch\u00e4den informiert wurde. Da einige Gerichtsbarkeiten die Beschr\u00e4nkung stillschweigender Garantien oder die Haftung f\u00fcr Folgesch\u00e4den oder zuf\u00e4llige Sch\u00e4den nicht zulassen, gelten diese Beschr\u00e4nkungen m\u00f6glicherweise nicht f\u00fcr Sie.<\/p>\n\n\n\n<p><strong>5. Genauigkeit der Materialien<\/strong><\/p>\n\n\n\n<p>Die auf der Website von [<a class=\"\" href=\"https:\/\/de.debitoecredito.com\/\">https:\/\/de.debitoecredito.com\/<\/a>] erscheinenden Materialien k\u00f6nnen technische, typografische oder fotografische Fehler enthalten. [<a class=\"\" href=\"https:\/\/de.debitoecredito.com\/\">https:\/\/de.debitoecredito.com\/<\/a>] \u00fcbernimmt keine Gew\u00e4hr f\u00fcr die Genauigkeit, Vollst\u00e4ndigkeit oder Aktualit\u00e4t der auf seiner Website enthaltenen Materialien. [<a class=\"\" href=\"https:\/\/de.debitoecredito.com\/\">https:\/\/de.debitoecredito.com\/<\/a>] kann jederzeit ohne vorherige Ank\u00fcndigung \u00c4nderungen an den auf seiner Website enthaltenen Materialien vornehmen. Es verpflichtet sich jedoch nicht, die Materialien zu aktualisieren.<\/p>\n\n\n\n<p><strong>6. Links<\/strong><\/p>\n\n\n\n[<a class=\"\" href=\"https:\/\/de.debitoecredito.com\/\">https:\/\/de.debitoecredito.com\/<\/a>] hat nicht alle mit seiner Website verlinkten Seiten \u00fcberpr\u00fcft und ist nicht verantwortlich f\u00fcr den Inhalt dieser verlinkten Seiten. Die Aufnahme eines Links impliziert keine Billigung der verlinkten Seite durch [<a class=\"\" href=\"https:\/\/de.debitoecredito.com\/\">https:\/\/de.debitoecredito.com\/<\/a>]. Die Nutzung solcher verlinkter Websites erfolgt auf eigenes Risiko des Nutzers.<\/p>\n\n\n\n<p><strong>\u00c4nderungen<\/strong><\/p>\n\n\n\n[<a class=\"\" href=\"https:\/\/de.debitoecredito.com\/\">https:\/\/de.debitoecredito.com\/<\/a>] kann diese Nutzungsbedingungen jederzeit ohne vorherige Ank\u00fcndigung \u00fcberarbeiten. Durch die Nutzung dieser Website erkl\u00e4ren Sie sich mit der jeweils aktuellen Version dieser Nutzungsbedingungen einverstanden.<\/p>\n\n\n\n<p><strong>Anwendbares Recht<\/strong><\/p>\n\n\n\n<p>Diese Bedingungen unterliegen den Gesetzen von [<a class=\"\" href=\"https:\/\/de.debitoecredito.com\/\">https:\/\/de.debitoecredito.com\/<\/a>] und werden entsprechend ausgelegt. Sie unterwerfen sich unwiderruflich der ausschlie\u00dflichen Zust\u00e4ndigkeit der Gerichte in diesem Staat oder an diesem Ort.<\/p>\n\n\n\n<p><\/p>\n","protected":false},"excerpt":{"rendered":"<p>1. Bedingungen Durch den Zugriff auf die Website [https:\/\/de.debitoecredito.com\/] erkl\u00e4ren Sie sich damit einverstanden, an diese Nutzungsbedingungen, alle anwendbaren Gesetze und Vorschriften gebunden zu sein und sind verantwortlich f\u00fcr die Einhaltung aller geltenden lokalen Gesetze. Wenn Sie mit einer dieser Bedingungen nicht einverstanden sind, ist Ihnen die Nutzung oder der Zugriff auf diese Website untersagt. [&#8230;]\n","protected":false},"author":1,"featured_media":0,"parent":0,"menu_order":0,"comment_status":"closed","ping_status":"closed","template":"","meta":{"footnotes":""},"class_list":["post-80","page","type-page","status-publish","hentry"],"yoast_head":"<!-- This site is optimized with the Yoast SEO plugin v26.9 - https:\/\/yoast.com\/product\/yoast-seo-wordpress\/ -->\n<title>Nutzungsbedingungen - De Debito e Credito<\/title>\n<meta name=\"robots\" content=\"index, follow, max-snippet:-1, max-image-preview:large, max-video-preview:-1\" \/>\n<link rel=\"canonical\" href=\"https:\/\/de.debitoecredito.com\/index.php\/nutzungsbedingungen\/\" \/>\n<meta property=\"og:locale\" content=\"de_DE\" \/>\n<meta property=\"og:type\" content=\"article\" \/>\n<meta property=\"og:title\" content=\"Nutzungsbedingungen - De Debito e Credito\" \/>\n<meta property=\"og:description\" content=\"1. Bedingungen Durch den Zugriff auf die Website [https:\/\/de.debitoecredito.com\/] erkl\u00e4ren Sie sich damit einverstanden, an diese Nutzungsbedingungen, alle anwendbaren Gesetze und Vorschriften gebunden zu sein und sind verantwortlich f\u00fcr die Einhaltung aller geltenden lokalen Gesetze. Wenn Sie mit einer dieser Bedingungen nicht einverstanden sind, ist Ihnen die Nutzung oder der Zugriff auf diese Website untersagt. [...]\" \/>\n<meta property=\"og:url\" content=\"https:\/\/de.debitoecredito.com\/index.php\/nutzungsbedingungen\/\" \/>\n<meta property=\"og:site_name\" content=\"De Debito e Credito\" \/>\n<meta property=\"article:modified_time\" content=\"2025-06-21T01:58:50+00:00\" \/>\n<meta name=\"twitter:card\" content=\"summary_large_image\" \/>\n<meta name=\"twitter:label1\" content=\"Gesch\u00e4tzte Lesezeit\" \/>\n\t<meta name=\"twitter:data1\" content=\"3\u00a0Minuten\" \/>\n<script type=\"application\/ld+json\" class=\"yoast-schema-graph\">{\"@context\":\"https:\/\/schema.org\",\"@graph\":[{\"@type\":\"WebPage\",\"@id\":\"https:\/\/de.debitoecredito.com\/index.php\/nutzungsbedingungen\/\",\"url\":\"https:\/\/de.debitoecredito.com\/index.php\/nutzungsbedingungen\/\",\"name\":\"Nutzungsbedingungen - De Debito e Credito\",\"isPartOf\":{\"@id\":\"https:\/\/de.debitoecredito.com\/#website\"},\"datePublished\":\"2025-06-14T01:36:07+00:00\",\"dateModified\":\"2025-06-21T01:58:50+00:00\",\"breadcrumb\":{\"@id\":\"https:\/\/de.debitoecredito.com\/index.php\/nutzungsbedingungen\/#breadcrumb\"},\"inLanguage\":\"de\",\"potentialAction\":[{\"@type\":\"ReadAction\",\"target\":[\"https:\/\/de.debitoecredito.com\/index.php\/nutzungsbedingungen\/\"]}]},{\"@type\":\"BreadcrumbList\",\"@id\":\"https:\/\/de.debitoecredito.com\/index.php\/nutzungsbedingungen\/#breadcrumb\",\"itemListElement\":[{\"@type\":\"ListItem\",\"position\":1,\"name\":\"In\u00edcio\",\"item\":\"https:\/\/de.debitoecredito.com\/\"},{\"@type\":\"ListItem\",\"position\":2,\"name\":\"Nutzungsbedingungen\"}]},{\"@type\":\"WebSite\",\"@id\":\"https:\/\/de.debitoecredito.com\/#website\",\"url\":\"https:\/\/de.debitoecredito.com\/\",\"name\":\"De Debito e Credito\",\"description\":\"\",\"potentialAction\":[{\"@type\":\"SearchAction\",\"target\":{\"@type\":\"EntryPoint\",\"urlTemplate\":\"https:\/\/de.debitoecredito.com\/?s={search_term_string}\"},\"query-input\":{\"@type\":\"PropertyValueSpecification\",\"valueRequired\":true,\"valueName\":\"search_term_string\"}}],\"inLanguage\":\"de\"}]}<\/script>\n<!-- \/ Yoast SEO plugin. -->","yoast_head_json":{"title":"Nutzungsbedingungen - De Debito e Credito","robots":{"index":"index","follow":"follow","max-snippet":"max-snippet:-1","max-image-preview":"max-image-preview:large","max-video-preview":"max-video-preview:-1"},"canonical":"https:\/\/de.debitoecredito.com\/index.php\/nutzungsbedingungen\/","og_locale":"de_DE","og_type":"article","og_title":"Nutzungsbedingungen - De Debito e Credito","og_description":"1. Bedingungen Durch den Zugriff auf die Website [https:\/\/de.debitoecredito.com\/] erkl\u00e4ren Sie sich damit einverstanden, an diese Nutzungsbedingungen, alle anwendbaren Gesetze und Vorschriften gebunden zu sein und sind verantwortlich f\u00fcr die Einhaltung aller geltenden lokalen Gesetze. Wenn Sie mit einer dieser Bedingungen nicht einverstanden sind, ist Ihnen die Nutzung oder der Zugriff auf diese Website untersagt. [...]","og_url":"https:\/\/de.debitoecredito.com\/index.php\/nutzungsbedingungen\/","og_site_name":"De Debito e Credito","article_modified_time":"2025-06-21T01:58:50+00:00","twitter_card":"summary_large_image","twitter_misc":{"Gesch\u00e4tzte Lesezeit":"3\u00a0Minuten"},"schema":{"@context":"https:\/\/schema.org","@graph":[{"@type":"WebPage","@id":"https:\/\/de.debitoecredito.com\/index.php\/nutzungsbedingungen\/","url":"https:\/\/de.debitoecredito.com\/index.php\/nutzungsbedingungen\/","name":"Nutzungsbedingungen - De Debito e Credito","isPartOf":{"@id":"https:\/\/de.debitoecredito.com\/#website"},"datePublished":"2025-06-14T01:36:07+00:00","dateModified":"2025-06-21T01:58:50+00:00","breadcrumb":{"@id":"https:\/\/de.debitoecredito.com\/index.php\/nutzungsbedingungen\/#breadcrumb"},"inLanguage":"de","potentialAction":[{"@type":"ReadAction","target":["https:\/\/de.debitoecredito.com\/index.php\/nutzungsbedingungen\/"]}]},{"@type":"BreadcrumbList","@id":"https:\/\/de.debitoecredito.com\/index.php\/nutzungsbedingungen\/#breadcrumb","itemListElement":[{"@type":"ListItem","position":1,"name":"In\u00edcio","item":"https:\/\/de.debitoecredito.com\/"},{"@type":"ListItem","position":2,"name":"Nutzungsbedingungen"}]},{"@type":"WebSite","@id":"https:\/\/de.debitoecredito.com\/#website","url":"https:\/\/de.debitoecredito.com\/","name":"De Debito e Credito","description":"","potentialAction":[{"@type":"SearchAction","target":{"@type":"EntryPoint","urlTemplate":"https:\/\/de.debitoecredito.com\/?s={search_term_string}"},"query-input":{"@type":"PropertyValueSpecification","valueRequired":true,"valueName":"search_term_string"}}],"inLanguage":"de"}]}},"_links":{"self":[{"href":"https:\/\/de.debitoecredito.com\/index.php\/wp-json\/wp\/v2\/pages\/80","targetHints":{"allow":["GET"]}}],"collection":[{"href":"https:\/\/de.debitoecredito.com\/index.php\/wp-json\/wp\/v2\/pages"}],"about":[{"href":"https:\/\/de.debitoecredito.com\/index.php\/wp-json\/wp\/v2\/types\/page"}],"author":[{"embeddable":true,"href":"https:\/\/de.debitoecredito.com\/index.php\/wp-json\/wp\/v2\/users\/1"}],"replies":[{"embeddable":true,"href":"https:\/\/de.debitoecredito.com\/index.php\/wp-json\/wp\/v2\/comments?post=80"}],"version-history":[{"count":2,"href":"https:\/\/de.debitoecredito.com\/index.php\/wp-json\/wp\/v2\/pages\/80\/revisions"}],"predecessor-version":[{"id":173,"href":"https:\/\/de.debitoecredito.com\/index.php\/wp-json\/wp\/v2\/pages\/80\/revisions\/173"}],"wp:attachment":[{"href":"https:\/\/de.debitoecredito.com\/index.php\/wp-json\/wp\/v2\/media?parent=80"}],"curies":[{"name":"wp","href":"https:\/\/api.w.org\/{rel}","templated":true}]}}